{"id":2,"date":"2017-03-09T12:23:40","date_gmt":"2017-03-09T11:23:40","guid":{"rendered":"http:\/\/copyrevel.com\/?page_id=2"},"modified":"2022-04-04T16:49:36","modified_gmt":"2022-04-04T14:49:36","slug":"accueil","status":"publish","type":"page","link":"https:\/\/copyrevel.com\/","title":{"rendered":"Copy Revel"},"content":{"rendered":"<p>&nbsp;<\/p>\n<p><img loading=\"lazy\" decoding=\"async\" class=\"alignnone size-medium wp-image-5\" src=\"http:\/\/copyrevel.com\/wp-content\/uploads\/2017\/03\/logo-300x55.jpg\" alt=\"\" width=\"300\" height=\"55\" srcset=\"https:\/\/copyrevel.com\/wp-content\/uploads\/2017\/03\/logo-300x55.jpg 300w, https:\/\/copyrevel.com\/wp-content\/uploads\/2017\/03\/logo.jpg 680w\" sizes=\"auto, (max-width: 300px) 100vw, 300px\" \/><\/p>\n<p>Cr\u00e9\u00e9 en octobre 2003 par Isabelle et Eric, Copy Revel est n\u00e9e Rue Victor Hugo \u00e0 Revel.<\/p>\n<p>La principale activit\u00e9 \u00e9tait des photocopies A4.<\/p>\n<p>Pour r\u00e9pondre \u00e0 une demande croissante, la soci\u00e9t\u00e9 d\u00e9m\u00e9nage au 22 rue Georges Sabo, dans un local de 150 m2.<\/p>\n<p>Dans ces nouveaux locaux, Copy Revel d\u00e9veloppe son impression grand format noir et blanc et couleur.<\/p>\n<p>Un espace de vente d\u00e9di\u00e9 aux fournitures de bureau est am\u00e9nag\u00e9.<\/p>\n<p>Toute demande de devis est gratuite chez Copy Revel !!!<\/p>\n<p>Horaires d&rsquo;ouvertures : du lundi au vendredi de 9h00 \u00e0 12h00 et de 14h00 \u00e0 18h00.<\/p>\n<p><a href=\"http:\/\/copyrevel.com\/index.php\/contact\/\"><img loading=\"lazy\" decoding=\"async\" class=\"alignnone wp-image-181 size-medium\" src=\"http:\/\/copyrevel.com\/wp-content\/uploads\/2017\/03\/infos-300x88.png\" alt=\"\" width=\"300\" height=\"88\" srcset=\"https:\/\/copyrevel.com\/wp-content\/uploads\/2017\/03\/infos-300x88.png 300w, https:\/\/copyrevel.com\/wp-content\/uploads\/2017\/03\/infos.png 545w\" sizes=\"auto, (max-width: 300px) 100vw, 300px\" \/><\/a><\/p>\n","protected":false},"excerpt":{"rendered":"<p>&nbsp; Cr\u00e9\u00e9 en octobre 2003 par Isabelle et Eric, Copy Revel est n\u00e9e Rue Victor Hugo \u00e0 Revel. La principale activit\u00e9 \u00e9tait des photocopies A4. Pour r\u00e9pondre \u00e0 une demande croissante, la soci\u00e9t\u00e9 d\u00e9m\u00e9nage au 22 rue Georges Sabo, dans un local de 150 m2. Dans ces nouveaux locaux, Copy Revel d\u00e9veloppe son impression grand<a class=\"moretag\" href=\"https:\/\/copyrevel.com\/\"><span class=\"screen-reader-text\">En savoir plus surCopy Revel<\/span>[&#8230;]<\/a><\/p>\n","protected":false},"author":1,"featured_media":0,"parent":0,"menu_order":0,"comment_status":"closed","ping_status":"open","template":"","meta":{"footnotes":""},"class_list":["post-2","page","type-page","status-publish","hentry"],"yoast_head":"<!-- This site is optimized with the Yoast SEO plugin v25.4 - https:\/\/yoast.com\/wordpress\/plugins\/seo\/ -->\n<title>Copy Revel - COPY REVEL<\/title>\n<meta name=\"robots\" content=\"index, follow, max-snippet:-1, max-image-preview:large, max-video-preview:-1\" \/>\n<link rel=\"canonical\" href=\"https:\/\/copyrevel.com\/\" \/>\n<meta property=\"og:locale\" content=\"fr_FR\" \/>\n<meta property=\"og:type\" content=\"article\" \/>\n<meta property=\"og:title\" content=\"Copy Revel - COPY REVEL\" \/>\n<meta property=\"og:description\" content=\"&nbsp; Cr\u00e9\u00e9 en octobre 2003 par Isabelle et Eric, Copy Revel est n\u00e9e Rue Victor Hugo \u00e0 Revel. La principale activit\u00e9 \u00e9tait des photocopies A4. Pour r\u00e9pondre \u00e0 une demande croissante, la soci\u00e9t\u00e9 d\u00e9m\u00e9nage au 22 rue Georges Sabo, dans un local de 150 m2. Dans ces nouveaux locaux, Copy Revel d\u00e9veloppe son impression grandEn savoir plus surCopy Revel[...]\" \/>\n<meta property=\"og:url\" content=\"https:\/\/copyrevel.com\/\" \/>\n<meta property=\"og:site_name\" content=\"COPY REVEL\" \/>\n<meta property=\"article:publisher\" content=\"https:\/\/www.facebook.com\/copyrevel\/\" \/>\n<meta property=\"article:modified_time\" content=\"2022-04-04T14:49:36+00:00\" \/>\n<meta property=\"og:image\" content=\"http:\/\/copyrevel.com\/wp-content\/uploads\/2017\/03\/logo-300x55.jpg\" \/>\n<meta name=\"twitter:card\" content=\"summary_large_image\" \/>\n<script type=\"application\/ld+json\" class=\"yoast-schema-graph\">{\"@context\":\"https:\/\/schema.org\",\"@graph\":[{\"@type\":\"WebPage\",\"@id\":\"https:\/\/copyrevel.com\/\",\"url\":\"https:\/\/copyrevel.com\/\",\"name\":\"Copy Revel - COPY REVEL\",\"isPartOf\":{\"@id\":\"https:\/\/copyrevel.com\/#website\"},\"primaryImageOfPage\":{\"@id\":\"https:\/\/copyrevel.com\/#primaryimage\"},\"image\":{\"@id\":\"https:\/\/copyrevel.com\/#primaryimage\"},\"thumbnailUrl\":\"http:\/\/copyrevel.com\/wp-content\/uploads\/2017\/03\/logo-300x55.jpg\",\"datePublished\":\"2017-03-09T11:23:40+00:00\",\"dateModified\":\"2022-04-04T14:49:36+00:00\",\"breadcrumb\":{\"@id\":\"https:\/\/copyrevel.com\/#breadcrumb\"},\"inLanguage\":\"fr-FR\",\"potentialAction\":[{\"@type\":\"ReadAction\",\"target\":[\"https:\/\/copyrevel.com\/\"]}]},{\"@type\":\"ImageObject\",\"inLanguage\":\"fr-FR\",\"@id\":\"https:\/\/copyrevel.com\/#primaryimage\",\"url\":\"https:\/\/copyrevel.com\/wp-content\/uploads\/2017\/03\/logo.jpg\",\"contentUrl\":\"https:\/\/copyrevel.com\/wp-content\/uploads\/2017\/03\/logo.jpg\",\"width\":680,\"height\":124},{\"@type\":\"BreadcrumbList\",\"@id\":\"https:\/\/copyrevel.com\/#breadcrumb\",\"itemListElement\":[{\"@type\":\"ListItem\",\"position\":1,\"name\":\"Accueil\",\"item\":\"https:\/\/copyrevel.com\/\"},{\"@type\":\"ListItem\",\"position\":2,\"name\":\"Copy Revel\"}]},{\"@type\":\"WebSite\",\"@id\":\"https:\/\/copyrevel.com\/#website\",\"url\":\"https:\/\/copyrevel.com\/\",\"name\":\"COPY REVEL\",\"description\":\"Pour Faire Bonne Impression\",\"publisher\":{\"@id\":\"https:\/\/copyrevel.com\/#organization\"},\"potentialAction\":[{\"@type\":\"SearchAction\",\"target\":{\"@type\":\"EntryPoint\",\"urlTemplate\":\"https:\/\/copyrevel.com\/?s={search_term_string}\"},\"query-input\":{\"@type\":\"PropertyValueSpecification\",\"valueRequired\":true,\"valueName\":\"search_term_string\"}}],\"inLanguage\":\"fr-FR\"},{\"@type\":\"Organization\",\"@id\":\"https:\/\/copyrevel.com\/#organization\",\"name\":\"COPY REVEL\",\"url\":\"https:\/\/copyrevel.com\/\",\"logo\":{\"@type\":\"ImageObject\",\"inLanguage\":\"fr-FR\",\"@id\":\"https:\/\/copyrevel.com\/#\/schema\/logo\/image\/\",\"url\":\"https:\/\/copyrevel.com\/wp-content\/uploads\/2017\/03\/cropped-logo-2.jpg\",\"contentUrl\":\"https:\/\/copyrevel.com\/wp-content\/uploads\/2017\/03\/cropped-logo-2.jpg\",\"width\":652,\"height\":124,\"caption\":\"COPY REVEL\"},\"image\":{\"@id\":\"https:\/\/copyrevel.com\/#\/schema\/logo\/image\/\"},\"sameAs\":[\"https:\/\/www.facebook.com\/copyrevel\/\"]}]}<\/script>\n<!-- \/ Yoast SEO plugin. -->","yoast_head_json":{"title":"Copy Revel - COPY REVEL","robots":{"index":"index","follow":"follow","max-snippet":"max-snippet:-1","max-image-preview":"max-image-preview:large","max-video-preview":"max-video-preview:-1"},"canonical":"https:\/\/copyrevel.com\/","og_locale":"fr_FR","og_type":"article","og_title":"Copy Revel - COPY REVEL","og_description":"&nbsp; Cr\u00e9\u00e9 en octobre 2003 par Isabelle et Eric, Copy Revel est n\u00e9e Rue Victor Hugo \u00e0 Revel. La principale activit\u00e9 \u00e9tait des photocopies A4. Pour r\u00e9pondre \u00e0 une demande croissante, la soci\u00e9t\u00e9 d\u00e9m\u00e9nage au 22 rue Georges Sabo, dans un local de 150 m2. Dans ces nouveaux locaux, Copy Revel d\u00e9veloppe son impression grandEn savoir plus surCopy Revel[...]","og_url":"https:\/\/copyrevel.com\/","og_site_name":"COPY REVEL","article_publisher":"https:\/\/www.facebook.com\/copyrevel\/","article_modified_time":"2022-04-04T14:49:36+00:00","og_image":[{"url":"http:\/\/copyrevel.com\/wp-content\/uploads\/2017\/03\/logo-300x55.jpg","type":"","width":"","height":""}],"twitter_card":"summary_large_image","schema":{"@context":"https:\/\/schema.org","@graph":[{"@type":"WebPage","@id":"https:\/\/copyrevel.com\/","url":"https:\/\/copyrevel.com\/","name":"Copy Revel - COPY REVEL","isPartOf":{"@id":"https:\/\/copyrevel.com\/#website"},"primaryImageOfPage":{"@id":"https:\/\/copyrevel.com\/#primaryimage"},"image":{"@id":"https:\/\/copyrevel.com\/#primaryimage"},"thumbnailUrl":"http:\/\/copyrevel.com\/wp-content\/uploads\/2017\/03\/logo-300x55.jpg","datePublished":"2017-03-09T11:23:40+00:00","dateModified":"2022-04-04T14:49:36+00:00","breadcrumb":{"@id":"https:\/\/copyrevel.com\/#breadcrumb"},"inLanguage":"fr-FR","potentialAction":[{"@type":"ReadAction","target":["https:\/\/copyrevel.com\/"]}]},{"@type":"ImageObject","inLanguage":"fr-FR","@id":"https:\/\/copyrevel.com\/#primaryimage","url":"https:\/\/copyrevel.com\/wp-content\/uploads\/2017\/03\/logo.jpg","contentUrl":"https:\/\/copyrevel.com\/wp-content\/uploads\/2017\/03\/logo.jpg","width":680,"height":124},{"@type":"BreadcrumbList","@id":"https:\/\/copyrevel.com\/#breadcrumb","itemListElement":[{"@type":"ListItem","position":1,"name":"Accueil","item":"https:\/\/copyrevel.com\/"},{"@type":"ListItem","position":2,"name":"Copy Revel"}]},{"@type":"WebSite","@id":"https:\/\/copyrevel.com\/#website","url":"https:\/\/copyrevel.com\/","name":"COPY REVEL","description":"Pour Faire Bonne Impression","publisher":{"@id":"https:\/\/copyrevel.com\/#organization"},"potentialAction":[{"@type":"SearchAction","target":{"@type":"EntryPoint","urlTemplate":"https:\/\/copyrevel.com\/?s={search_term_string}"},"query-input":{"@type":"PropertyValueSpecification","valueRequired":true,"valueName":"search_term_string"}}],"inLanguage":"fr-FR"},{"@type":"Organization","@id":"https:\/\/copyrevel.com\/#organization","name":"COPY REVEL","url":"https:\/\/copyrevel.com\/","logo":{"@type":"ImageObject","inLanguage":"fr-FR","@id":"https:\/\/copyrevel.com\/#\/schema\/logo\/image\/","url":"https:\/\/copyrevel.com\/wp-content\/uploads\/2017\/03\/cropped-logo-2.jpg","contentUrl":"https:\/\/copyrevel.com\/wp-content\/uploads\/2017\/03\/cropped-logo-2.jpg","width":652,"height":124,"caption":"COPY REVEL"},"image":{"@id":"https:\/\/copyrevel.com\/#\/schema\/logo\/image\/"},"sameAs":["https:\/\/www.facebook.com\/copyrevel\/"]}]}},"_links":{"self":[{"href":"https:\/\/copyrevel.com\/index.php\/wp-json\/wp\/v2\/pages\/2","targetHints":{"allow":["GET"]}}],"collection":[{"href":"https:\/\/copyrevel.com\/index.php\/wp-json\/wp\/v2\/pages"}],"about":[{"href":"https:\/\/copyrevel.com\/index.php\/wp-json\/wp\/v2\/types\/page"}],"author":[{"embeddable":true,"href":"https:\/\/copyrevel.com\/index.php\/wp-json\/wp\/v2\/users\/1"}],"replies":[{"embeddable":true,"href":"https:\/\/copyrevel.com\/index.php\/wp-json\/wp\/v2\/comments?post=2"}],"version-history":[{"count":9,"href":"https:\/\/copyrevel.com\/index.php\/wp-json\/wp\/v2\/pages\/2\/revisions"}],"predecessor-version":[{"id":256,"href":"https:\/\/copyrevel.com\/index.php\/wp-json\/wp\/v2\/pages\/2\/revisions\/256"}],"wp:attachment":[{"href":"https:\/\/copyrevel.com\/index.php\/wp-json\/wp\/v2\/media?parent=2"}],"curies":[{"name":"wp","href":"https:\/\/api.w.org\/{rel}","templated":true}]}}