{"id":39,"date":"2017-03-14T14:34:49","date_gmt":"2017-03-14T13:34:49","guid":{"rendered":"http:\/\/copyrevel.com\/?page_id=39"},"modified":"2017-05-15T13:37:14","modified_gmt":"2017-05-15T11:37:14","slug":"services","status":"publish","type":"page","link":"https:\/\/copyrevel.com\/index.php\/services\/","title":{"rendered":"Services"},"content":{"rendered":"<p>Nous vous proposons des services de photocopie, de reprographie, d\u2019impression et de reliure.<\/p>\n<p>Nous vous accueillons en toute convivialit\u00e9, pour r\u00e9aliser tous vos travaux d\u2019impressions num\u00e9riques :<\/p>\n<p>&#8211; rapports, th\u00e8ses, m\u00e9moire, flyers, cartes de visite, impressions grands formats, et d&rsquo;autres produits pr\u00eats pour tous vos besoins !<\/p>\n<p>Que vous soyez \u00e9tudiant, particulier, association ou entreprise, la solution \u00e0 vos besoins de reprographie est chez nous !<\/p>\n<p><img loading=\"lazy\" decoding=\"async\" class=\"alignnone size-thumbnail wp-image-31\" src=\"http:\/\/copyrevel.com\/wp-content\/uploads\/2017\/03\/cropped-logo-carre-1-3-150x150.png\" alt=\"\" width=\"150\" height=\"150\" srcset=\"https:\/\/copyrevel.com\/wp-content\/uploads\/2017\/03\/cropped-logo-carre-1-3-150x150.png 150w, https:\/\/copyrevel.com\/wp-content\/uploads\/2017\/03\/cropped-logo-carre-1-3-300x300.png 300w, https:\/\/copyrevel.com\/wp-content\/uploads\/2017\/03\/cropped-logo-carre-1-3.png 595w\" sizes=\"auto, (max-width: 150px) 100vw, 150px\" \/><\/p>\n<p>22 Rue Georges Sabo 31250 Revel<\/p>\n<p><a class=\"fl r-iAFff5J1TlP4\" title=\"Appeler avec Hangouts\" data-number=\"+33534665440\" data-pstn-out-call-url=\"\" data-rtid=\"iAFff5J1TlP4\" data-ved=\"0ahUKEwifv-n8x9_SAhVHGsAKHecsAuQQkAgIfSgAMBE\">05 34 66 54 40<\/a><\/p>\n<p><a href=\"mailto:contact@copyrevel.com\">contact@copyrevel.com<\/a><\/p>\n","protected":false},"excerpt":{"rendered":"<p>Nous vous proposons des services de photocopie, de reprographie, d\u2019impression et de reliure. Nous vous accueillons en toute convivialit\u00e9, pour r\u00e9aliser tous vos travaux d\u2019impressions num\u00e9riques : &#8211; rapports, th\u00e8ses, m\u00e9moire, flyers, cartes de visite, impressions grands formats, et d&rsquo;autres produits pr\u00eats pour tous vos besoins ! Que vous soyez \u00e9tudiant, particulier, association ou entreprise,<a class=\"moretag\" href=\"https:\/\/copyrevel.com\/index.php\/services\/\"><span class=\"screen-reader-text\">En savoir plus surServices<\/span>[&#8230;]<\/a><\/p>\n","protected":false},"author":1,"featured_media":0,"parent":0,"menu_order":0,"comment_status":"closed","ping_status":"closed","template":"","meta":{"footnotes":""},"class_list":["post-39","page","type-page","status-publish","hentry"],"yoast_head":"<!-- This site is optimized with the Yoast SEO plugin v25.4 - https:\/\/yoast.com\/wordpress\/plugins\/seo\/ -->\n<title>Services - COPY REVEL<\/title>\n<meta name=\"robots\" content=\"index, follow, max-snippet:-1, max-image-preview:large, max-video-preview:-1\" \/>\n<link rel=\"canonical\" href=\"https:\/\/copyrevel.com\/index.php\/services\/\" \/>\n<meta property=\"og:locale\" content=\"fr_FR\" \/>\n<meta property=\"og:type\" content=\"article\" \/>\n<meta property=\"og:title\" content=\"Services - COPY REVEL\" \/>\n<meta property=\"og:description\" content=\"Nous vous proposons des services de photocopie, de reprographie, d\u2019impression et de reliure. Nous vous accueillons en toute convivialit\u00e9, pour r\u00e9aliser tous vos travaux d\u2019impressions num\u00e9riques : &#8211; rapports, th\u00e8ses, m\u00e9moire, flyers, cartes de visite, impressions grands formats, et d&rsquo;autres produits pr\u00eats pour tous vos besoins ! Que vous soyez \u00e9tudiant, particulier, association ou entreprise,En savoir plus surServices[...]\" \/>\n<meta property=\"og:url\" content=\"https:\/\/copyrevel.com\/index.php\/services\/\" \/>\n<meta property=\"og:site_name\" content=\"COPY REVEL\" \/>\n<meta property=\"article:publisher\" content=\"https:\/\/www.facebook.com\/copyrevel\/\" \/>\n<meta property=\"article:modified_time\" content=\"2017-05-15T11:37:14+00:00\" \/>\n<meta property=\"og:image\" content=\"http:\/\/copyrevel.com\/wp-content\/uploads\/2017\/03\/cropped-logo-carre-1-3-150x150.png\" \/>\n<meta name=\"twitter:card\" content=\"summary_large_image\" \/>\n<script type=\"application\/ld+json\" class=\"yoast-schema-graph\">{\"@context\":\"https:\/\/schema.org\",\"@graph\":[{\"@type\":\"WebPage\",\"@id\":\"https:\/\/copyrevel.com\/index.php\/services\/\",\"url\":\"https:\/\/copyrevel.com\/index.php\/services\/\",\"name\":\"Services - COPY REVEL\",\"isPartOf\":{\"@id\":\"https:\/\/copyrevel.com\/#website\"},\"primaryImageOfPage\":{\"@id\":\"https:\/\/copyrevel.com\/index.php\/services\/#primaryimage\"},\"image\":{\"@id\":\"https:\/\/copyrevel.com\/index.php\/services\/#primaryimage\"},\"thumbnailUrl\":\"http:\/\/copyrevel.com\/wp-content\/uploads\/2017\/03\/cropped-logo-carre-1-3-150x150.png\",\"datePublished\":\"2017-03-14T13:34:49+00:00\",\"dateModified\":\"2017-05-15T11:37:14+00:00\",\"breadcrumb\":{\"@id\":\"https:\/\/copyrevel.com\/index.php\/services\/#breadcrumb\"},\"inLanguage\":\"fr-FR\",\"potentialAction\":[{\"@type\":\"ReadAction\",\"target\":[\"https:\/\/copyrevel.com\/index.php\/services\/\"]}]},{\"@type\":\"ImageObject\",\"inLanguage\":\"fr-FR\",\"@id\":\"https:\/\/copyrevel.com\/index.php\/services\/#primaryimage\",\"url\":\"https:\/\/copyrevel.com\/wp-content\/uploads\/2017\/03\/cropped-logo-carre-1-3.png\",\"contentUrl\":\"https:\/\/copyrevel.com\/wp-content\/uploads\/2017\/03\/cropped-logo-carre-1-3.png\",\"width\":595,\"height\":595},{\"@type\":\"BreadcrumbList\",\"@id\":\"https:\/\/copyrevel.com\/index.php\/services\/#breadcrumb\",\"itemListElement\":[{\"@type\":\"ListItem\",\"position\":1,\"name\":\"Accueil\",\"item\":\"https:\/\/copyrevel.com\/\"},{\"@type\":\"ListItem\",\"position\":2,\"name\":\"Services\"}]},{\"@type\":\"WebSite\",\"@id\":\"https:\/\/copyrevel.com\/#website\",\"url\":\"https:\/\/copyrevel.com\/\",\"name\":\"COPY REVEL\",\"description\":\"Pour Faire Bonne Impression\",\"publisher\":{\"@id\":\"https:\/\/copyrevel.com\/#organization\"},\"potentialAction\":[{\"@type\":\"SearchAction\",\"target\":{\"@type\":\"EntryPoint\",\"urlTemplate\":\"https:\/\/copyrevel.com\/?s={search_term_string}\"},\"query-input\":{\"@type\":\"PropertyValueSpecification\",\"valueRequired\":true,\"valueName\":\"search_term_string\"}}],\"inLanguage\":\"fr-FR\"},{\"@type\":\"Organization\",\"@id\":\"https:\/\/copyrevel.com\/#organization\",\"name\":\"COPY REVEL\",\"url\":\"https:\/\/copyrevel.com\/\",\"logo\":{\"@type\":\"ImageObject\",\"inLanguage\":\"fr-FR\",\"@id\":\"https:\/\/copyrevel.com\/#\/schema\/logo\/image\/\",\"url\":\"https:\/\/copyrevel.com\/wp-content\/uploads\/2017\/03\/cropped-logo-2.jpg\",\"contentUrl\":\"https:\/\/copyrevel.com\/wp-content\/uploads\/2017\/03\/cropped-logo-2.jpg\",\"width\":652,\"height\":124,\"caption\":\"COPY REVEL\"},\"image\":{\"@id\":\"https:\/\/copyrevel.com\/#\/schema\/logo\/image\/\"},\"sameAs\":[\"https:\/\/www.facebook.com\/copyrevel\/\"]}]}<\/script>\n<!-- \/ Yoast SEO plugin. -->","yoast_head_json":{"title":"Services - COPY REVEL","robots":{"index":"index","follow":"follow","max-snippet":"max-snippet:-1","max-image-preview":"max-image-preview:large","max-video-preview":"max-video-preview:-1"},"canonical":"https:\/\/copyrevel.com\/index.php\/services\/","og_locale":"fr_FR","og_type":"article","og_title":"Services - COPY REVEL","og_description":"Nous vous proposons des services de photocopie, de reprographie, d\u2019impression et de reliure. Nous vous accueillons en toute convivialit\u00e9, pour r\u00e9aliser tous vos travaux d\u2019impressions num\u00e9riques : &#8211; rapports, th\u00e8ses, m\u00e9moire, flyers, cartes de visite, impressions grands formats, et d&rsquo;autres produits pr\u00eats pour tous vos besoins ! Que vous soyez \u00e9tudiant, particulier, association ou entreprise,En savoir plus surServices[...]","og_url":"https:\/\/copyrevel.com\/index.php\/services\/","og_site_name":"COPY REVEL","article_publisher":"https:\/\/www.facebook.com\/copyrevel\/","article_modified_time":"2017-05-15T11:37:14+00:00","og_image":[{"url":"http:\/\/copyrevel.com\/wp-content\/uploads\/2017\/03\/cropped-logo-carre-1-3-150x150.png","type":"","width":"","height":""}],"twitter_card":"summary_large_image","schema":{"@context":"https:\/\/schema.org","@graph":[{"@type":"WebPage","@id":"https:\/\/copyrevel.com\/index.php\/services\/","url":"https:\/\/copyrevel.com\/index.php\/services\/","name":"Services - COPY REVEL","isPartOf":{"@id":"https:\/\/copyrevel.com\/#website"},"primaryImageOfPage":{"@id":"https:\/\/copyrevel.com\/index.php\/services\/#primaryimage"},"image":{"@id":"https:\/\/copyrevel.com\/index.php\/services\/#primaryimage"},"thumbnailUrl":"http:\/\/copyrevel.com\/wp-content\/uploads\/2017\/03\/cropped-logo-carre-1-3-150x150.png","datePublished":"2017-03-14T13:34:49+00:00","dateModified":"2017-05-15T11:37:14+00:00","breadcrumb":{"@id":"https:\/\/copyrevel.com\/index.php\/services\/#breadcrumb"},"inLanguage":"fr-FR","potentialAction":[{"@type":"ReadAction","target":["https:\/\/copyrevel.com\/index.php\/services\/"]}]},{"@type":"ImageObject","inLanguage":"fr-FR","@id":"https:\/\/copyrevel.com\/index.php\/services\/#primaryimage","url":"https:\/\/copyrevel.com\/wp-content\/uploads\/2017\/03\/cropped-logo-carre-1-3.png","contentUrl":"https:\/\/copyrevel.com\/wp-content\/uploads\/2017\/03\/cropped-logo-carre-1-3.png","width":595,"height":595},{"@type":"BreadcrumbList","@id":"https:\/\/copyrevel.com\/index.php\/services\/#breadcrumb","itemListElement":[{"@type":"ListItem","position":1,"name":"Accueil","item":"https:\/\/copyrevel.com\/"},{"@type":"ListItem","position":2,"name":"Services"}]},{"@type":"WebSite","@id":"https:\/\/copyrevel.com\/#website","url":"https:\/\/copyrevel.com\/","name":"COPY REVEL","description":"Pour Faire Bonne Impression","publisher":{"@id":"https:\/\/copyrevel.com\/#organization"},"potentialAction":[{"@type":"SearchAction","target":{"@type":"EntryPoint","urlTemplate":"https:\/\/copyrevel.com\/?s={search_term_string}"},"query-input":{"@type":"PropertyValueSpecification","valueRequired":true,"valueName":"search_term_string"}}],"inLanguage":"fr-FR"},{"@type":"Organization","@id":"https:\/\/copyrevel.com\/#organization","name":"COPY REVEL","url":"https:\/\/copyrevel.com\/","logo":{"@type":"ImageObject","inLanguage":"fr-FR","@id":"https:\/\/copyrevel.com\/#\/schema\/logo\/image\/","url":"https:\/\/copyrevel.com\/wp-content\/uploads\/2017\/03\/cropped-logo-2.jpg","contentUrl":"https:\/\/copyrevel.com\/wp-content\/uploads\/2017\/03\/cropped-logo-2.jpg","width":652,"height":124,"caption":"COPY REVEL"},"image":{"@id":"https:\/\/copyrevel.com\/#\/schema\/logo\/image\/"},"sameAs":["https:\/\/www.facebook.com\/copyrevel\/"]}]}},"_links":{"self":[{"href":"https:\/\/copyrevel.com\/index.php\/wp-json\/wp\/v2\/pages\/39","targetHints":{"allow":["GET"]}}],"collection":[{"href":"https:\/\/copyrevel.com\/index.php\/wp-json\/wp\/v2\/pages"}],"about":[{"href":"https:\/\/copyrevel.com\/index.php\/wp-json\/wp\/v2\/types\/page"}],"author":[{"embeddable":true,"href":"https:\/\/copyrevel.com\/index.php\/wp-json\/wp\/v2\/users\/1"}],"replies":[{"embeddable":true,"href":"https:\/\/copyrevel.com\/index.php\/wp-json\/wp\/v2\/comments?post=39"}],"version-history":[{"count":4,"href":"https:\/\/copyrevel.com\/index.php\/wp-json\/wp\/v2\/pages\/39\/revisions"}],"predecessor-version":[{"id":226,"href":"https:\/\/copyrevel.com\/index.php\/wp-json\/wp\/v2\/pages\/39\/revisions\/226"}],"wp:attachment":[{"href":"https:\/\/copyrevel.com\/index.php\/wp-json\/wp\/v2\/media?parent=39"}],"curies":[{"name":"wp","href":"https:\/\/api.w.org\/{rel}","templated":true}]}}