{"id":49,"date":"2017-03-14T14:41:26","date_gmt":"2017-03-14T13:41:26","guid":{"rendered":"http:\/\/copyrevel.com\/?page_id=49"},"modified":"2017-03-20T09:13:53","modified_gmt":"2017-03-20T08:13:53","slug":"photocopies","status":"publish","type":"page","link":"https:\/\/copyrevel.com\/index.php\/photocopies\/","title":{"rendered":"Photocopies"},"content":{"rendered":"<p><b>Photocopies \u00a0Couleurs &amp; Noir et Blanc<\/b><i id=\"close-info-product\" class=\"fa fa-eject\"><\/i><\/p>\n<p>Du format A6 au format A3, sur papier 80 grammes jusqu\u2019au 300 grammes en mat ou brillant, vos impressions seront r\u00e9alis\u00e9es en haute d\u00e9finition sur presse num\u00e9rique, quelles que soient vos quantit\u00e9s.<br \/>\nVous \u00eates press\u00e9s et n\u2019avez pas le temps\u00a0! On se charge de tout\u00a0: copier, classer, agrafer, relier\u2026<\/p>\n<p><img loading=\"lazy\" decoding=\"async\" class=\"alignnone size-large wp-image-50\" src=\"http:\/\/copyrevel.com\/wp-content\/uploads\/2017\/03\/t\u00e9l\u00e9chargement-1024x373.png\" alt=\"\" width=\"525\" height=\"191\" srcset=\"https:\/\/copyrevel.com\/wp-content\/uploads\/2017\/03\/t\u00e9l\u00e9chargement-1024x373.png 1024w, https:\/\/copyrevel.com\/wp-content\/uploads\/2017\/03\/t\u00e9l\u00e9chargement-300x109.png 300w, https:\/\/copyrevel.com\/wp-content\/uploads\/2017\/03\/t\u00e9l\u00e9chargement-768x280.png 768w, https:\/\/copyrevel.com\/wp-content\/uploads\/2017\/03\/t\u00e9l\u00e9chargement.png 1440w\" sizes=\"auto, (max-width: 525px) 100vw, 525px\" \/><\/p>\n","protected":false},"excerpt":{"rendered":"<p>Photocopies \u00a0Couleurs &amp; Noir et Blanc Du format A6 au format A3, sur papier 80 grammes jusqu\u2019au 300 grammes en mat ou brillant, vos impressions seront r\u00e9alis\u00e9es en haute d\u00e9finition sur presse num\u00e9rique, quelles que soient vos quantit\u00e9s. Vous \u00eates press\u00e9s et n\u2019avez pas le temps\u00a0! On se charge de tout\u00a0: copier, classer, agrafer, relier\u2026<\/p>\n","protected":false},"author":1,"featured_media":0,"parent":0,"menu_order":0,"comment_status":"closed","ping_status":"closed","template":"","meta":{"footnotes":""},"class_list":["post-49","page","type-page","status-publish","hentry"],"yoast_head":"<!-- This site is optimized with the Yoast SEO plugin v25.4 - https:\/\/yoast.com\/wordpress\/plugins\/seo\/ -->\n<title>Photocopies - COPY REVEL<\/title>\n<meta name=\"robots\" content=\"index, follow, max-snippet:-1, max-image-preview:large, max-video-preview:-1\" \/>\n<link rel=\"canonical\" href=\"https:\/\/copyrevel.com\/index.php\/photocopies\/\" \/>\n<meta property=\"og:locale\" content=\"fr_FR\" \/>\n<meta property=\"og:type\" content=\"article\" \/>\n<meta property=\"og:title\" content=\"Photocopies - COPY REVEL\" \/>\n<meta property=\"og:description\" content=\"Photocopies \u00a0Couleurs &amp; Noir et Blanc Du format A6 au format A3, sur papier 80 grammes jusqu\u2019au 300 grammes en mat ou brillant, vos impressions seront r\u00e9alis\u00e9es en haute d\u00e9finition sur presse num\u00e9rique, quelles que soient vos quantit\u00e9s. Vous \u00eates press\u00e9s et n\u2019avez pas le temps\u00a0! On se charge de tout\u00a0: copier, classer, agrafer, relier\u2026\" \/>\n<meta property=\"og:url\" content=\"https:\/\/copyrevel.com\/index.php\/photocopies\/\" \/>\n<meta property=\"og:site_name\" content=\"COPY REVEL\" \/>\n<meta property=\"article:publisher\" content=\"https:\/\/www.facebook.com\/copyrevel\/\" \/>\n<meta property=\"article:modified_time\" content=\"2017-03-20T08:13:53+00:00\" \/>\n<meta name=\"twitter:card\" content=\"summary_large_image\" \/>\n<script type=\"application\/ld+json\" class=\"yoast-schema-graph\">{\"@context\":\"https:\/\/schema.org\",\"@graph\":[{\"@type\":\"WebPage\",\"@id\":\"https:\/\/copyrevel.com\/index.php\/photocopies\/\",\"url\":\"https:\/\/copyrevel.com\/index.php\/photocopies\/\",\"name\":\"Photocopies - COPY REVEL\",\"isPartOf\":{\"@id\":\"https:\/\/copyrevel.com\/#website\"},\"datePublished\":\"2017-03-14T13:41:26+00:00\",\"dateModified\":\"2017-03-20T08:13:53+00:00\",\"breadcrumb\":{\"@id\":\"https:\/\/copyrevel.com\/index.php\/photocopies\/#breadcrumb\"},\"inLanguage\":\"fr-FR\",\"potentialAction\":[{\"@type\":\"ReadAction\",\"target\":[\"https:\/\/copyrevel.com\/index.php\/photocopies\/\"]}]},{\"@type\":\"BreadcrumbList\",\"@id\":\"https:\/\/copyrevel.com\/index.php\/photocopies\/#breadcrumb\",\"itemListElement\":[{\"@type\":\"ListItem\",\"position\":1,\"name\":\"Accueil\",\"item\":\"https:\/\/copyrevel.com\/\"},{\"@type\":\"ListItem\",\"position\":2,\"name\":\"Photocopies\"}]},{\"@type\":\"WebSite\",\"@id\":\"https:\/\/copyrevel.com\/#website\",\"url\":\"https:\/\/copyrevel.com\/\",\"name\":\"COPY REVEL\",\"description\":\"Pour Faire Bonne Impression\",\"publisher\":{\"@id\":\"https:\/\/copyrevel.com\/#organization\"},\"potentialAction\":[{\"@type\":\"SearchAction\",\"target\":{\"@type\":\"EntryPoint\",\"urlTemplate\":\"https:\/\/copyrevel.com\/?s={search_term_string}\"},\"query-input\":{\"@type\":\"PropertyValueSpecification\",\"valueRequired\":true,\"valueName\":\"search_term_string\"}}],\"inLanguage\":\"fr-FR\"},{\"@type\":\"Organization\",\"@id\":\"https:\/\/copyrevel.com\/#organization\",\"name\":\"COPY REVEL\",\"url\":\"https:\/\/copyrevel.com\/\",\"logo\":{\"@type\":\"ImageObject\",\"inLanguage\":\"fr-FR\",\"@id\":\"https:\/\/copyrevel.com\/#\/schema\/logo\/image\/\",\"url\":\"https:\/\/copyrevel.com\/wp-content\/uploads\/2017\/03\/cropped-logo-2.jpg\",\"contentUrl\":\"https:\/\/copyrevel.com\/wp-content\/uploads\/2017\/03\/cropped-logo-2.jpg\",\"width\":652,\"height\":124,\"caption\":\"COPY REVEL\"},\"image\":{\"@id\":\"https:\/\/copyrevel.com\/#\/schema\/logo\/image\/\"},\"sameAs\":[\"https:\/\/www.facebook.com\/copyrevel\/\"]}]}<\/script>\n<!-- \/ Yoast SEO plugin. -->","yoast_head_json":{"title":"Photocopies - COPY REVEL","robots":{"index":"index","follow":"follow","max-snippet":"max-snippet:-1","max-image-preview":"max-image-preview:large","max-video-preview":"max-video-preview:-1"},"canonical":"https:\/\/copyrevel.com\/index.php\/photocopies\/","og_locale":"fr_FR","og_type":"article","og_title":"Photocopies - COPY REVEL","og_description":"Photocopies \u00a0Couleurs &amp; Noir et Blanc Du format A6 au format A3, sur papier 80 grammes jusqu\u2019au 300 grammes en mat ou brillant, vos impressions seront r\u00e9alis\u00e9es en haute d\u00e9finition sur presse num\u00e9rique, quelles que soient vos quantit\u00e9s. Vous \u00eates press\u00e9s et n\u2019avez pas le temps\u00a0! On se charge de tout\u00a0: copier, classer, agrafer, relier\u2026","og_url":"https:\/\/copyrevel.com\/index.php\/photocopies\/","og_site_name":"COPY REVEL","article_publisher":"https:\/\/www.facebook.com\/copyrevel\/","article_modified_time":"2017-03-20T08:13:53+00:00","twitter_card":"summary_large_image","schema":{"@context":"https:\/\/schema.org","@graph":[{"@type":"WebPage","@id":"https:\/\/copyrevel.com\/index.php\/photocopies\/","url":"https:\/\/copyrevel.com\/index.php\/photocopies\/","name":"Photocopies - COPY REVEL","isPartOf":{"@id":"https:\/\/copyrevel.com\/#website"},"datePublished":"2017-03-14T13:41:26+00:00","dateModified":"2017-03-20T08:13:53+00:00","breadcrumb":{"@id":"https:\/\/copyrevel.com\/index.php\/photocopies\/#breadcrumb"},"inLanguage":"fr-FR","potentialAction":[{"@type":"ReadAction","target":["https:\/\/copyrevel.com\/index.php\/photocopies\/"]}]},{"@type":"BreadcrumbList","@id":"https:\/\/copyrevel.com\/index.php\/photocopies\/#breadcrumb","itemListElement":[{"@type":"ListItem","position":1,"name":"Accueil","item":"https:\/\/copyrevel.com\/"},{"@type":"ListItem","position":2,"name":"Photocopies"}]},{"@type":"WebSite","@id":"https:\/\/copyrevel.com\/#website","url":"https:\/\/copyrevel.com\/","name":"COPY REVEL","description":"Pour Faire Bonne Impression","publisher":{"@id":"https:\/\/copyrevel.com\/#organization"},"potentialAction":[{"@type":"SearchAction","target":{"@type":"EntryPoint","urlTemplate":"https:\/\/copyrevel.com\/?s={search_term_string}"},"query-input":{"@type":"PropertyValueSpecification","valueRequired":true,"valueName":"search_term_string"}}],"inLanguage":"fr-FR"},{"@type":"Organization","@id":"https:\/\/copyrevel.com\/#organization","name":"COPY REVEL","url":"https:\/\/copyrevel.com\/","logo":{"@type":"ImageObject","inLanguage":"fr-FR","@id":"https:\/\/copyrevel.com\/#\/schema\/logo\/image\/","url":"https:\/\/copyrevel.com\/wp-content\/uploads\/2017\/03\/cropped-logo-2.jpg","contentUrl":"https:\/\/copyrevel.com\/wp-content\/uploads\/2017\/03\/cropped-logo-2.jpg","width":652,"height":124,"caption":"COPY REVEL"},"image":{"@id":"https:\/\/copyrevel.com\/#\/schema\/logo\/image\/"},"sameAs":["https:\/\/www.facebook.com\/copyrevel\/"]}]}},"_links":{"self":[{"href":"https:\/\/copyrevel.com\/index.php\/wp-json\/wp\/v2\/pages\/49","targetHints":{"allow":["GET"]}}],"collection":[{"href":"https:\/\/copyrevel.com\/index.php\/wp-json\/wp\/v2\/pages"}],"about":[{"href":"https:\/\/copyrevel.com\/index.php\/wp-json\/wp\/v2\/types\/page"}],"author":[{"embeddable":true,"href":"https:\/\/copyrevel.com\/index.php\/wp-json\/wp\/v2\/users\/1"}],"replies":[{"embeddable":true,"href":"https:\/\/copyrevel.com\/index.php\/wp-json\/wp\/v2\/comments?post=49"}],"version-history":[{"count":4,"href":"https:\/\/copyrevel.com\/index.php\/wp-json\/wp\/v2\/pages\/49\/revisions"}],"predecessor-version":[{"id":176,"href":"https:\/\/copyrevel.com\/index.php\/wp-json\/wp\/v2\/pages\/49\/revisions\/176"}],"wp:attachment":[{"href":"https:\/\/copyrevel.com\/index.php\/wp-json\/wp\/v2\/media?parent=49"}],"curies":[{"name":"wp","href":"https:\/\/api.w.org\/{rel}","templated":true}]}}