{"id":55,"date":"2017-03-14T14:43:45","date_gmt":"2017-03-14T13:43:45","guid":{"rendered":"http:\/\/copyrevel.com\/?page_id=55"},"modified":"2017-03-20T08:24:17","modified_gmt":"2017-03-20T07:24:17","slug":"plastification","status":"publish","type":"page","link":"https:\/\/copyrevel.com\/index.php\/plastification\/","title":{"rendered":"Plastification"},"content":{"rendered":"<p>Particuliers, Etudiants, Associations, Entreprises, vos documents m\u00e9ritent une finition irr\u00e9prochable.<br \/>\nVos documents seront imprim\u00e9s quelles que soit la quantit\u00e9 en haute d\u00e9finition.<\/p>\n<p>Pour les prot\u00e9ger, Copy Revel vous propose les plastifications du A5 au A2.<\/p>\n<p><img loading=\"lazy\" decoding=\"async\" class=\"alignnone size-full wp-image-56\" src=\"http:\/\/copyrevel.com\/wp-content\/uploads\/2017\/03\/4545.jpg\" alt=\"\" width=\"632\" height=\"600\" srcset=\"https:\/\/copyrevel.com\/wp-content\/uploads\/2017\/03\/4545.jpg 632w, https:\/\/copyrevel.com\/wp-content\/uploads\/2017\/03\/4545-300x285.jpg 300w\" sizes=\"auto, (max-width: 632px) 100vw, 632px\" \/><\/p>\n","protected":false},"excerpt":{"rendered":"<p>Particuliers, Etudiants, Associations, Entreprises, vos documents m\u00e9ritent une finition irr\u00e9prochable. Vos documents seront imprim\u00e9s quelles que soit la quantit\u00e9 en haute d\u00e9finition. Pour les prot\u00e9ger, Copy Revel vous propose les plastifications du A5 au A2.<\/p>\n","protected":false},"author":1,"featured_media":0,"parent":0,"menu_order":0,"comment_status":"closed","ping_status":"closed","template":"","meta":{"footnotes":""},"class_list":["post-55","page","type-page","status-publish","hentry"],"yoast_head":"<!-- This site is optimized with the Yoast SEO plugin v25.4 - https:\/\/yoast.com\/wordpress\/plugins\/seo\/ -->\n<title>Plastification - COPY REVEL<\/title>\n<meta name=\"robots\" content=\"index, follow, max-snippet:-1, max-image-preview:large, max-video-preview:-1\" \/>\n<link rel=\"canonical\" href=\"https:\/\/copyrevel.com\/index.php\/plastification\/\" \/>\n<meta property=\"og:locale\" content=\"fr_FR\" \/>\n<meta property=\"og:type\" content=\"article\" \/>\n<meta property=\"og:title\" content=\"Plastification - COPY REVEL\" \/>\n<meta property=\"og:description\" content=\"Particuliers, Etudiants, Associations, Entreprises, vos documents m\u00e9ritent une finition irr\u00e9prochable. Vos documents seront imprim\u00e9s quelles que soit la quantit\u00e9 en haute d\u00e9finition. Pour les prot\u00e9ger, Copy Revel vous propose les plastifications du A5 au A2.\" \/>\n<meta property=\"og:url\" content=\"https:\/\/copyrevel.com\/index.php\/plastification\/\" \/>\n<meta property=\"og:site_name\" content=\"COPY REVEL\" \/>\n<meta property=\"article:publisher\" content=\"https:\/\/www.facebook.com\/copyrevel\/\" \/>\n<meta property=\"article:modified_time\" content=\"2017-03-20T07:24:17+00:00\" \/>\n<meta property=\"og:image\" content=\"http:\/\/copyrevel.com\/wp-content\/uploads\/2017\/03\/4545.jpg\" \/>\n<meta name=\"twitter:card\" content=\"summary_large_image\" \/>\n<script type=\"application\/ld+json\" class=\"yoast-schema-graph\">{\"@context\":\"https:\/\/schema.org\",\"@graph\":[{\"@type\":\"WebPage\",\"@id\":\"https:\/\/copyrevel.com\/index.php\/plastification\/\",\"url\":\"https:\/\/copyrevel.com\/index.php\/plastification\/\",\"name\":\"Plastification - COPY REVEL\",\"isPartOf\":{\"@id\":\"https:\/\/copyrevel.com\/#website\"},\"primaryImageOfPage\":{\"@id\":\"https:\/\/copyrevel.com\/index.php\/plastification\/#primaryimage\"},\"image\":{\"@id\":\"https:\/\/copyrevel.com\/index.php\/plastification\/#primaryimage\"},\"thumbnailUrl\":\"http:\/\/copyrevel.com\/wp-content\/uploads\/2017\/03\/4545.jpg\",\"datePublished\":\"2017-03-14T13:43:45+00:00\",\"dateModified\":\"2017-03-20T07:24:17+00:00\",\"breadcrumb\":{\"@id\":\"https:\/\/copyrevel.com\/index.php\/plastification\/#breadcrumb\"},\"inLanguage\":\"fr-FR\",\"potentialAction\":[{\"@type\":\"ReadAction\",\"target\":[\"https:\/\/copyrevel.com\/index.php\/plastification\/\"]}]},{\"@type\":\"ImageObject\",\"inLanguage\":\"fr-FR\",\"@id\":\"https:\/\/copyrevel.com\/index.php\/plastification\/#primaryimage\",\"url\":\"https:\/\/copyrevel.com\/wp-content\/uploads\/2017\/03\/4545.jpg\",\"contentUrl\":\"https:\/\/copyrevel.com\/wp-content\/uploads\/2017\/03\/4545.jpg\",\"width\":632,\"height\":600},{\"@type\":\"BreadcrumbList\",\"@id\":\"https:\/\/copyrevel.com\/index.php\/plastification\/#breadcrumb\",\"itemListElement\":[{\"@type\":\"ListItem\",\"position\":1,\"name\":\"Accueil\",\"item\":\"https:\/\/copyrevel.com\/\"},{\"@type\":\"ListItem\",\"position\":2,\"name\":\"Plastification\"}]},{\"@type\":\"WebSite\",\"@id\":\"https:\/\/copyrevel.com\/#website\",\"url\":\"https:\/\/copyrevel.com\/\",\"name\":\"COPY REVEL\",\"description\":\"Pour Faire Bonne Impression\",\"publisher\":{\"@id\":\"https:\/\/copyrevel.com\/#organization\"},\"potentialAction\":[{\"@type\":\"SearchAction\",\"target\":{\"@type\":\"EntryPoint\",\"urlTemplate\":\"https:\/\/copyrevel.com\/?s={search_term_string}\"},\"query-input\":{\"@type\":\"PropertyValueSpecification\",\"valueRequired\":true,\"valueName\":\"search_term_string\"}}],\"inLanguage\":\"fr-FR\"},{\"@type\":\"Organization\",\"@id\":\"https:\/\/copyrevel.com\/#organization\",\"name\":\"COPY REVEL\",\"url\":\"https:\/\/copyrevel.com\/\",\"logo\":{\"@type\":\"ImageObject\",\"inLanguage\":\"fr-FR\",\"@id\":\"https:\/\/copyrevel.com\/#\/schema\/logo\/image\/\",\"url\":\"https:\/\/copyrevel.com\/wp-content\/uploads\/2017\/03\/cropped-logo-2.jpg\",\"contentUrl\":\"https:\/\/copyrevel.com\/wp-content\/uploads\/2017\/03\/cropped-logo-2.jpg\",\"width\":652,\"height\":124,\"caption\":\"COPY REVEL\"},\"image\":{\"@id\":\"https:\/\/copyrevel.com\/#\/schema\/logo\/image\/\"},\"sameAs\":[\"https:\/\/www.facebook.com\/copyrevel\/\"]}]}<\/script>\n<!-- \/ Yoast SEO plugin. -->","yoast_head_json":{"title":"Plastification - COPY REVEL","robots":{"index":"index","follow":"follow","max-snippet":"max-snippet:-1","max-image-preview":"max-image-preview:large","max-video-preview":"max-video-preview:-1"},"canonical":"https:\/\/copyrevel.com\/index.php\/plastification\/","og_locale":"fr_FR","og_type":"article","og_title":"Plastification - COPY REVEL","og_description":"Particuliers, Etudiants, Associations, Entreprises, vos documents m\u00e9ritent une finition irr\u00e9prochable. Vos documents seront imprim\u00e9s quelles que soit la quantit\u00e9 en haute d\u00e9finition. Pour les prot\u00e9ger, Copy Revel vous propose les plastifications du A5 au A2.","og_url":"https:\/\/copyrevel.com\/index.php\/plastification\/","og_site_name":"COPY REVEL","article_publisher":"https:\/\/www.facebook.com\/copyrevel\/","article_modified_time":"2017-03-20T07:24:17+00:00","og_image":[{"url":"http:\/\/copyrevel.com\/wp-content\/uploads\/2017\/03\/4545.jpg","type":"","width":"","height":""}],"twitter_card":"summary_large_image","schema":{"@context":"https:\/\/schema.org","@graph":[{"@type":"WebPage","@id":"https:\/\/copyrevel.com\/index.php\/plastification\/","url":"https:\/\/copyrevel.com\/index.php\/plastification\/","name":"Plastification - COPY REVEL","isPartOf":{"@id":"https:\/\/copyrevel.com\/#website"},"primaryImageOfPage":{"@id":"https:\/\/copyrevel.com\/index.php\/plastification\/#primaryimage"},"image":{"@id":"https:\/\/copyrevel.com\/index.php\/plastification\/#primaryimage"},"thumbnailUrl":"http:\/\/copyrevel.com\/wp-content\/uploads\/2017\/03\/4545.jpg","datePublished":"2017-03-14T13:43:45+00:00","dateModified":"2017-03-20T07:24:17+00:00","breadcrumb":{"@id":"https:\/\/copyrevel.com\/index.php\/plastification\/#breadcrumb"},"inLanguage":"fr-FR","potentialAction":[{"@type":"ReadAction","target":["https:\/\/copyrevel.com\/index.php\/plastification\/"]}]},{"@type":"ImageObject","inLanguage":"fr-FR","@id":"https:\/\/copyrevel.com\/index.php\/plastification\/#primaryimage","url":"https:\/\/copyrevel.com\/wp-content\/uploads\/2017\/03\/4545.jpg","contentUrl":"https:\/\/copyrevel.com\/wp-content\/uploads\/2017\/03\/4545.jpg","width":632,"height":600},{"@type":"BreadcrumbList","@id":"https:\/\/copyrevel.com\/index.php\/plastification\/#breadcrumb","itemListElement":[{"@type":"ListItem","position":1,"name":"Accueil","item":"https:\/\/copyrevel.com\/"},{"@type":"ListItem","position":2,"name":"Plastification"}]},{"@type":"WebSite","@id":"https:\/\/copyrevel.com\/#website","url":"https:\/\/copyrevel.com\/","name":"COPY REVEL","description":"Pour Faire Bonne Impression","publisher":{"@id":"https:\/\/copyrevel.com\/#organization"},"potentialAction":[{"@type":"SearchAction","target":{"@type":"EntryPoint","urlTemplate":"https:\/\/copyrevel.com\/?s={search_term_string}"},"query-input":{"@type":"PropertyValueSpecification","valueRequired":true,"valueName":"search_term_string"}}],"inLanguage":"fr-FR"},{"@type":"Organization","@id":"https:\/\/copyrevel.com\/#organization","name":"COPY REVEL","url":"https:\/\/copyrevel.com\/","logo":{"@type":"ImageObject","inLanguage":"fr-FR","@id":"https:\/\/copyrevel.com\/#\/schema\/logo\/image\/","url":"https:\/\/copyrevel.com\/wp-content\/uploads\/2017\/03\/cropped-logo-2.jpg","contentUrl":"https:\/\/copyrevel.com\/wp-content\/uploads\/2017\/03\/cropped-logo-2.jpg","width":652,"height":124,"caption":"COPY REVEL"},"image":{"@id":"https:\/\/copyrevel.com\/#\/schema\/logo\/image\/"},"sameAs":["https:\/\/www.facebook.com\/copyrevel\/"]}]}},"_links":{"self":[{"href":"https:\/\/copyrevel.com\/index.php\/wp-json\/wp\/v2\/pages\/55","targetHints":{"allow":["GET"]}}],"collection":[{"href":"https:\/\/copyrevel.com\/index.php\/wp-json\/wp\/v2\/pages"}],"about":[{"href":"https:\/\/copyrevel.com\/index.php\/wp-json\/wp\/v2\/types\/page"}],"author":[{"embeddable":true,"href":"https:\/\/copyrevel.com\/index.php\/wp-json\/wp\/v2\/users\/1"}],"replies":[{"embeddable":true,"href":"https:\/\/copyrevel.com\/index.php\/wp-json\/wp\/v2\/comments?post=55"}],"version-history":[{"count":3,"href":"https:\/\/copyrevel.com\/index.php\/wp-json\/wp\/v2\/pages\/55\/revisions"}],"predecessor-version":[{"id":141,"href":"https:\/\/copyrevel.com\/index.php\/wp-json\/wp\/v2\/pages\/55\/revisions\/141"}],"wp:attachment":[{"href":"https:\/\/copyrevel.com\/index.php\/wp-json\/wp\/v2\/media?parent=55"}],"curies":[{"name":"wp","href":"https:\/\/api.w.org\/{rel}","templated":true}]}}