{"id":73,"date":"2017-03-14T14:53:11","date_gmt":"2017-03-14T13:53:11","guid":{"rendered":"http:\/\/copyrevel.com\/?page_id=73"},"modified":"2017-05-15T13:35:53","modified_gmt":"2017-05-15T11:35:53","slug":"papeterie","status":"publish","type":"page","link":"https:\/\/copyrevel.com\/index.php\/papeterie\/","title":{"rendered":"Papeterie"},"content":{"rendered":"<p>PAPIER BLANC ANTALIS \/ CLAIREFONTAINE<\/p>\n<ul>\n<li>\u00e0 partir du A4, A3<\/li>\n<li>grammage de 80 \u00e0 250 grs<\/li>\n<\/ul>\n<p><img loading=\"lazy\" decoding=\"async\" class=\"alignnone size-medium wp-image-154\" src=\"http:\/\/copyrevel.com\/wp-content\/uploads\/2017\/03\/951ba44d-a8e5-4ac6-b323-5224f648eabd-300x225.jpg\" alt=\"\" width=\"300\" height=\"225\" srcset=\"https:\/\/copyrevel.com\/wp-content\/uploads\/2017\/03\/951ba44d-a8e5-4ac6-b323-5224f648eabd-300x225.jpg 300w, https:\/\/copyrevel.com\/wp-content\/uploads\/2017\/03\/951ba44d-a8e5-4ac6-b323-5224f648eabd-768x576.jpg 768w, https:\/\/copyrevel.com\/wp-content\/uploads\/2017\/03\/951ba44d-a8e5-4ac6-b323-5224f648eabd-1024x768.jpg 1024w\" sizes=\"auto, (max-width: 300px) 100vw, 300px\" \/><\/p>\n<p>PAPIERS COULEURS CLAIREFONTAINE<\/p>\n<ul>\n<li>\u00e0 partir du A4, A3<\/li>\n<li>grammage 80 &amp; 160 grs<\/li>\n<\/ul>\n<p><img loading=\"lazy\" decoding=\"async\" class=\"alignnone size-medium wp-image-156\" src=\"http:\/\/copyrevel.com\/wp-content\/uploads\/2017\/03\/ramette-papier-couleur-a4-300x300.jpg\" alt=\"\" width=\"300\" height=\"300\" srcset=\"https:\/\/copyrevel.com\/wp-content\/uploads\/2017\/03\/ramette-papier-couleur-a4-300x300.jpg 300w, https:\/\/copyrevel.com\/wp-content\/uploads\/2017\/03\/ramette-papier-couleur-a4-150x150.jpg 150w, https:\/\/copyrevel.com\/wp-content\/uploads\/2017\/03\/ramette-papier-couleur-a4.jpg 340w\" sizes=\"auto, (max-width: 300px) 100vw, 300px\" \/><\/p>\n<p>PAPIER EN ROULEAU POUR TRACEUR<\/p>\n<p><img loading=\"lazy\" decoding=\"async\" class=\"alignnone size-full wp-image-214\" src=\"http:\/\/copyrevel.com\/wp-content\/uploads\/2017\/03\/bobines.jpg\" alt=\"\" width=\"225\" height=\"225\" srcset=\"https:\/\/copyrevel.com\/wp-content\/uploads\/2017\/03\/bobines.jpg 225w, https:\/\/copyrevel.com\/wp-content\/uploads\/2017\/03\/bobines-150x150.jpg 150w\" sizes=\"auto, (max-width: 225px) 100vw, 225px\" \/><\/p>\n","protected":false},"excerpt":{"rendered":"<p>PAPIER BLANC ANTALIS \/ CLAIREFONTAINE \u00e0 partir du A4, A3 grammage de 80 \u00e0 250 grs PAPIERS COULEURS CLAIREFONTAINE \u00e0 partir du A4, A3 grammage 80 &amp; 160 grs PAPIER EN ROULEAU POUR TRACEUR<\/p>\n","protected":false},"author":1,"featured_media":0,"parent":0,"menu_order":0,"comment_status":"closed","ping_status":"closed","template":"","meta":{"footnotes":""},"class_list":["post-73","page","type-page","status-publish","hentry"],"yoast_head":"<!-- This site is optimized with the Yoast SEO plugin v25.4 - https:\/\/yoast.com\/wordpress\/plugins\/seo\/ -->\n<title>Papeterie - COPY REVEL<\/title>\n<meta name=\"robots\" content=\"index, follow, max-snippet:-1, max-image-preview:large, max-video-preview:-1\" \/>\n<link rel=\"canonical\" href=\"https:\/\/copyrevel.com\/index.php\/papeterie\/\" \/>\n<meta property=\"og:locale\" content=\"fr_FR\" \/>\n<meta property=\"og:type\" content=\"article\" \/>\n<meta property=\"og:title\" content=\"Papeterie - COPY REVEL\" \/>\n<meta property=\"og:description\" content=\"PAPIER BLANC ANTALIS \/ CLAIREFONTAINE \u00e0 partir du A4, A3 grammage de 80 \u00e0 250 grs PAPIERS COULEURS CLAIREFONTAINE \u00e0 partir du A4, A3 grammage 80 &amp; 160 grs PAPIER EN ROULEAU POUR TRACEUR\" \/>\n<meta property=\"og:url\" content=\"https:\/\/copyrevel.com\/index.php\/papeterie\/\" \/>\n<meta property=\"og:site_name\" content=\"COPY REVEL\" \/>\n<meta property=\"article:publisher\" content=\"https:\/\/www.facebook.com\/copyrevel\/\" \/>\n<meta property=\"article:modified_time\" content=\"2017-05-15T11:35:53+00:00\" \/>\n<meta property=\"og:image\" content=\"http:\/\/copyrevel.com\/wp-content\/uploads\/2017\/03\/951ba44d-a8e5-4ac6-b323-5224f648eabd-300x225.jpg\" \/>\n<meta name=\"twitter:card\" content=\"summary_large_image\" \/>\n<script type=\"application\/ld+json\" class=\"yoast-schema-graph\">{\"@context\":\"https:\/\/schema.org\",\"@graph\":[{\"@type\":\"WebPage\",\"@id\":\"https:\/\/copyrevel.com\/index.php\/papeterie\/\",\"url\":\"https:\/\/copyrevel.com\/index.php\/papeterie\/\",\"name\":\"Papeterie - COPY REVEL\",\"isPartOf\":{\"@id\":\"https:\/\/copyrevel.com\/#website\"},\"primaryImageOfPage\":{\"@id\":\"https:\/\/copyrevel.com\/index.php\/papeterie\/#primaryimage\"},\"image\":{\"@id\":\"https:\/\/copyrevel.com\/index.php\/papeterie\/#primaryimage\"},\"thumbnailUrl\":\"http:\/\/copyrevel.com\/wp-content\/uploads\/2017\/03\/951ba44d-a8e5-4ac6-b323-5224f648eabd-300x225.jpg\",\"datePublished\":\"2017-03-14T13:53:11+00:00\",\"dateModified\":\"2017-05-15T11:35:53+00:00\",\"breadcrumb\":{\"@id\":\"https:\/\/copyrevel.com\/index.php\/papeterie\/#breadcrumb\"},\"inLanguage\":\"fr-FR\",\"potentialAction\":[{\"@type\":\"ReadAction\",\"target\":[\"https:\/\/copyrevel.com\/index.php\/papeterie\/\"]}]},{\"@type\":\"ImageObject\",\"inLanguage\":\"fr-FR\",\"@id\":\"https:\/\/copyrevel.com\/index.php\/papeterie\/#primaryimage\",\"url\":\"https:\/\/copyrevel.com\/wp-content\/uploads\/2017\/03\/951ba44d-a8e5-4ac6-b323-5224f648eabd.jpg\",\"contentUrl\":\"https:\/\/copyrevel.com\/wp-content\/uploads\/2017\/03\/951ba44d-a8e5-4ac6-b323-5224f648eabd.jpg\",\"width\":2400,\"height\":1800},{\"@type\":\"BreadcrumbList\",\"@id\":\"https:\/\/copyrevel.com\/index.php\/papeterie\/#breadcrumb\",\"itemListElement\":[{\"@type\":\"ListItem\",\"position\":1,\"name\":\"Accueil\",\"item\":\"https:\/\/copyrevel.com\/\"},{\"@type\":\"ListItem\",\"position\":2,\"name\":\"Papeterie\"}]},{\"@type\":\"WebSite\",\"@id\":\"https:\/\/copyrevel.com\/#website\",\"url\":\"https:\/\/copyrevel.com\/\",\"name\":\"COPY REVEL\",\"description\":\"Pour Faire Bonne Impression\",\"publisher\":{\"@id\":\"https:\/\/copyrevel.com\/#organization\"},\"potentialAction\":[{\"@type\":\"SearchAction\",\"target\":{\"@type\":\"EntryPoint\",\"urlTemplate\":\"https:\/\/copyrevel.com\/?s={search_term_string}\"},\"query-input\":{\"@type\":\"PropertyValueSpecification\",\"valueRequired\":true,\"valueName\":\"search_term_string\"}}],\"inLanguage\":\"fr-FR\"},{\"@type\":\"Organization\",\"@id\":\"https:\/\/copyrevel.com\/#organization\",\"name\":\"COPY REVEL\",\"url\":\"https:\/\/copyrevel.com\/\",\"logo\":{\"@type\":\"ImageObject\",\"inLanguage\":\"fr-FR\",\"@id\":\"https:\/\/copyrevel.com\/#\/schema\/logo\/image\/\",\"url\":\"https:\/\/copyrevel.com\/wp-content\/uploads\/2017\/03\/cropped-logo-2.jpg\",\"contentUrl\":\"https:\/\/copyrevel.com\/wp-content\/uploads\/2017\/03\/cropped-logo-2.jpg\",\"width\":652,\"height\":124,\"caption\":\"COPY REVEL\"},\"image\":{\"@id\":\"https:\/\/copyrevel.com\/#\/schema\/logo\/image\/\"},\"sameAs\":[\"https:\/\/www.facebook.com\/copyrevel\/\"]}]}<\/script>\n<!-- \/ Yoast SEO plugin. -->","yoast_head_json":{"title":"Papeterie - COPY REVEL","robots":{"index":"index","follow":"follow","max-snippet":"max-snippet:-1","max-image-preview":"max-image-preview:large","max-video-preview":"max-video-preview:-1"},"canonical":"https:\/\/copyrevel.com\/index.php\/papeterie\/","og_locale":"fr_FR","og_type":"article","og_title":"Papeterie - COPY REVEL","og_description":"PAPIER BLANC ANTALIS \/ CLAIREFONTAINE \u00e0 partir du A4, A3 grammage de 80 \u00e0 250 grs PAPIERS COULEURS CLAIREFONTAINE \u00e0 partir du A4, A3 grammage 80 &amp; 160 grs PAPIER EN ROULEAU POUR TRACEUR","og_url":"https:\/\/copyrevel.com\/index.php\/papeterie\/","og_site_name":"COPY REVEL","article_publisher":"https:\/\/www.facebook.com\/copyrevel\/","article_modified_time":"2017-05-15T11:35:53+00:00","og_image":[{"url":"http:\/\/copyrevel.com\/wp-content\/uploads\/2017\/03\/951ba44d-a8e5-4ac6-b323-5224f648eabd-300x225.jpg","type":"","width":"","height":""}],"twitter_card":"summary_large_image","schema":{"@context":"https:\/\/schema.org","@graph":[{"@type":"WebPage","@id":"https:\/\/copyrevel.com\/index.php\/papeterie\/","url":"https:\/\/copyrevel.com\/index.php\/papeterie\/","name":"Papeterie - COPY REVEL","isPartOf":{"@id":"https:\/\/copyrevel.com\/#website"},"primaryImageOfPage":{"@id":"https:\/\/copyrevel.com\/index.php\/papeterie\/#primaryimage"},"image":{"@id":"https:\/\/copyrevel.com\/index.php\/papeterie\/#primaryimage"},"thumbnailUrl":"http:\/\/copyrevel.com\/wp-content\/uploads\/2017\/03\/951ba44d-a8e5-4ac6-b323-5224f648eabd-300x225.jpg","datePublished":"2017-03-14T13:53:11+00:00","dateModified":"2017-05-15T11:35:53+00:00","breadcrumb":{"@id":"https:\/\/copyrevel.com\/index.php\/papeterie\/#breadcrumb"},"inLanguage":"fr-FR","potentialAction":[{"@type":"ReadAction","target":["https:\/\/copyrevel.com\/index.php\/papeterie\/"]}]},{"@type":"ImageObject","inLanguage":"fr-FR","@id":"https:\/\/copyrevel.com\/index.php\/papeterie\/#primaryimage","url":"https:\/\/copyrevel.com\/wp-content\/uploads\/2017\/03\/951ba44d-a8e5-4ac6-b323-5224f648eabd.jpg","contentUrl":"https:\/\/copyrevel.com\/wp-content\/uploads\/2017\/03\/951ba44d-a8e5-4ac6-b323-5224f648eabd.jpg","width":2400,"height":1800},{"@type":"BreadcrumbList","@id":"https:\/\/copyrevel.com\/index.php\/papeterie\/#breadcrumb","itemListElement":[{"@type":"ListItem","position":1,"name":"Accueil","item":"https:\/\/copyrevel.com\/"},{"@type":"ListItem","position":2,"name":"Papeterie"}]},{"@type":"WebSite","@id":"https:\/\/copyrevel.com\/#website","url":"https:\/\/copyrevel.com\/","name":"COPY REVEL","description":"Pour Faire Bonne Impression","publisher":{"@id":"https:\/\/copyrevel.com\/#organization"},"potentialAction":[{"@type":"SearchAction","target":{"@type":"EntryPoint","urlTemplate":"https:\/\/copyrevel.com\/?s={search_term_string}"},"query-input":{"@type":"PropertyValueSpecification","valueRequired":true,"valueName":"search_term_string"}}],"inLanguage":"fr-FR"},{"@type":"Organization","@id":"https:\/\/copyrevel.com\/#organization","name":"COPY REVEL","url":"https:\/\/copyrevel.com\/","logo":{"@type":"ImageObject","inLanguage":"fr-FR","@id":"https:\/\/copyrevel.com\/#\/schema\/logo\/image\/","url":"https:\/\/copyrevel.com\/wp-content\/uploads\/2017\/03\/cropped-logo-2.jpg","contentUrl":"https:\/\/copyrevel.com\/wp-content\/uploads\/2017\/03\/cropped-logo-2.jpg","width":652,"height":124,"caption":"COPY REVEL"},"image":{"@id":"https:\/\/copyrevel.com\/#\/schema\/logo\/image\/"},"sameAs":["https:\/\/www.facebook.com\/copyrevel\/"]}]}},"_links":{"self":[{"href":"https:\/\/copyrevel.com\/index.php\/wp-json\/wp\/v2\/pages\/73","targetHints":{"allow":["GET"]}}],"collection":[{"href":"https:\/\/copyrevel.com\/index.php\/wp-json\/wp\/v2\/pages"}],"about":[{"href":"https:\/\/copyrevel.com\/index.php\/wp-json\/wp\/v2\/types\/page"}],"author":[{"embeddable":true,"href":"https:\/\/copyrevel.com\/index.php\/wp-json\/wp\/v2\/users\/1"}],"replies":[{"embeddable":true,"href":"https:\/\/copyrevel.com\/index.php\/wp-json\/wp\/v2\/comments?post=73"}],"version-history":[{"count":6,"href":"https:\/\/copyrevel.com\/index.php\/wp-json\/wp\/v2\/pages\/73\/revisions"}],"predecessor-version":[{"id":221,"href":"https:\/\/copyrevel.com\/index.php\/wp-json\/wp\/v2\/pages\/73\/revisions\/221"}],"wp:attachment":[{"href":"https:\/\/copyrevel.com\/index.php\/wp-json\/wp\/v2\/media?parent=73"}],"curies":[{"name":"wp","href":"https:\/\/api.w.org\/{rel}","templated":true}]}}