{"id":79,"date":"2017-03-14T14:55:37","date_gmt":"2017-03-14T13:55:37","guid":{"rendered":"http:\/\/copyrevel.com\/?page_id=79"},"modified":"2017-05-15T13:40:32","modified_gmt":"2017-05-15T11:40:32","slug":"consommables-informatique","status":"publish","type":"page","link":"https:\/\/copyrevel.com\/index.php\/consommables-informatique\/","title":{"rendered":"Consommables Informatique"},"content":{"rendered":"<p>Disponibles au magasin et sur commande (livraison rapide), toutes les cartouches et tous les toners pour vos imprimantes.<\/p>\n<p><img loading=\"lazy\" decoding=\"async\" class=\"alignnone size-full wp-image-216\" src=\"http:\/\/copyrevel.com\/wp-content\/uploads\/2017\/03\/conso-2.png\" alt=\"\" width=\"650\" height=\"270\" srcset=\"https:\/\/copyrevel.com\/wp-content\/uploads\/2017\/03\/conso-2.png 650w, https:\/\/copyrevel.com\/wp-content\/uploads\/2017\/03\/conso-2-300x125.png 300w\" sizes=\"auto, (max-width: 650px) 100vw, 650px\" \/><\/p>\n<p>Pensez \u00e0 v\u00e9rifier le mod\u00e8le de votre imprimante ou le num\u00e9ro sur vos consommables.<\/p>\n<p><img loading=\"lazy\" decoding=\"async\" class=\"alignnone size-full wp-image-215\" src=\"http:\/\/copyrevel.com\/wp-content\/uploads\/2017\/03\/conso-1.jpg\" alt=\"\" width=\"506\" height=\"422\" srcset=\"https:\/\/copyrevel.com\/wp-content\/uploads\/2017\/03\/conso-1.jpg 506w, https:\/\/copyrevel.com\/wp-content\/uploads\/2017\/03\/conso-1-300x250.jpg 300w\" sizes=\"auto, (max-width: 506px) 100vw, 506px\" \/><\/p>\n<p>&nbsp;<\/p>\n","protected":false},"excerpt":{"rendered":"<p>Disponibles au magasin et sur commande (livraison rapide), toutes les cartouches et tous les toners pour vos imprimantes. Pensez \u00e0 v\u00e9rifier le mod\u00e8le de votre imprimante ou le num\u00e9ro sur vos consommables. &nbsp;<\/p>\n","protected":false},"author":1,"featured_media":0,"parent":0,"menu_order":0,"comment_status":"closed","ping_status":"closed","template":"","meta":{"footnotes":""},"class_list":["post-79","page","type-page","status-publish","hentry"],"yoast_head":"<!-- This site is optimized with the Yoast SEO plugin v25.4 - https:\/\/yoast.com\/wordpress\/plugins\/seo\/ -->\n<title>Consommables Informatique - COPY REVEL<\/title>\n<meta name=\"robots\" content=\"index, follow, max-snippet:-1, max-image-preview:large, max-video-preview:-1\" \/>\n<link rel=\"canonical\" href=\"https:\/\/copyrevel.com\/index.php\/consommables-informatique\/\" \/>\n<meta property=\"og:locale\" content=\"fr_FR\" \/>\n<meta property=\"og:type\" content=\"article\" \/>\n<meta property=\"og:title\" content=\"Consommables Informatique - COPY REVEL\" \/>\n<meta property=\"og:description\" content=\"Disponibles au magasin et sur commande (livraison rapide), toutes les cartouches et tous les toners pour vos imprimantes. Pensez \u00e0 v\u00e9rifier le mod\u00e8le de votre imprimante ou le num\u00e9ro sur vos consommables. &nbsp;\" \/>\n<meta property=\"og:url\" content=\"https:\/\/copyrevel.com\/index.php\/consommables-informatique\/\" \/>\n<meta property=\"og:site_name\" content=\"COPY REVEL\" \/>\n<meta property=\"article:publisher\" content=\"https:\/\/www.facebook.com\/copyrevel\/\" \/>\n<meta property=\"article:modified_time\" content=\"2017-05-15T11:40:32+00:00\" \/>\n<meta property=\"og:image\" content=\"http:\/\/copyrevel.com\/wp-content\/uploads\/2017\/03\/conso-2.png\" \/>\n<meta name=\"twitter:card\" content=\"summary_large_image\" \/>\n<script type=\"application\/ld+json\" class=\"yoast-schema-graph\">{\"@context\":\"https:\/\/schema.org\",\"@graph\":[{\"@type\":\"WebPage\",\"@id\":\"https:\/\/copyrevel.com\/index.php\/consommables-informatique\/\",\"url\":\"https:\/\/copyrevel.com\/index.php\/consommables-informatique\/\",\"name\":\"Consommables Informatique - COPY REVEL\",\"isPartOf\":{\"@id\":\"https:\/\/copyrevel.com\/#website\"},\"primaryImageOfPage\":{\"@id\":\"https:\/\/copyrevel.com\/index.php\/consommables-informatique\/#primaryimage\"},\"image\":{\"@id\":\"https:\/\/copyrevel.com\/index.php\/consommables-informatique\/#primaryimage\"},\"thumbnailUrl\":\"http:\/\/copyrevel.com\/wp-content\/uploads\/2017\/03\/conso-2.png\",\"datePublished\":\"2017-03-14T13:55:37+00:00\",\"dateModified\":\"2017-05-15T11:40:32+00:00\",\"breadcrumb\":{\"@id\":\"https:\/\/copyrevel.com\/index.php\/consommables-informatique\/#breadcrumb\"},\"inLanguage\":\"fr-FR\",\"potentialAction\":[{\"@type\":\"ReadAction\",\"target\":[\"https:\/\/copyrevel.com\/index.php\/consommables-informatique\/\"]}]},{\"@type\":\"ImageObject\",\"inLanguage\":\"fr-FR\",\"@id\":\"https:\/\/copyrevel.com\/index.php\/consommables-informatique\/#primaryimage\",\"url\":\"https:\/\/copyrevel.com\/wp-content\/uploads\/2017\/03\/conso-2.png\",\"contentUrl\":\"https:\/\/copyrevel.com\/wp-content\/uploads\/2017\/03\/conso-2.png\",\"width\":650,\"height\":270},{\"@type\":\"BreadcrumbList\",\"@id\":\"https:\/\/copyrevel.com\/index.php\/consommables-informatique\/#breadcrumb\",\"itemListElement\":[{\"@type\":\"ListItem\",\"position\":1,\"name\":\"Accueil\",\"item\":\"https:\/\/copyrevel.com\/\"},{\"@type\":\"ListItem\",\"position\":2,\"name\":\"Consommables Informatique\"}]},{\"@type\":\"WebSite\",\"@id\":\"https:\/\/copyrevel.com\/#website\",\"url\":\"https:\/\/copyrevel.com\/\",\"name\":\"COPY REVEL\",\"description\":\"Pour Faire Bonne Impression\",\"publisher\":{\"@id\":\"https:\/\/copyrevel.com\/#organization\"},\"potentialAction\":[{\"@type\":\"SearchAction\",\"target\":{\"@type\":\"EntryPoint\",\"urlTemplate\":\"https:\/\/copyrevel.com\/?s={search_term_string}\"},\"query-input\":{\"@type\":\"PropertyValueSpecification\",\"valueRequired\":true,\"valueName\":\"search_term_string\"}}],\"inLanguage\":\"fr-FR\"},{\"@type\":\"Organization\",\"@id\":\"https:\/\/copyrevel.com\/#organization\",\"name\":\"COPY REVEL\",\"url\":\"https:\/\/copyrevel.com\/\",\"logo\":{\"@type\":\"ImageObject\",\"inLanguage\":\"fr-FR\",\"@id\":\"https:\/\/copyrevel.com\/#\/schema\/logo\/image\/\",\"url\":\"https:\/\/copyrevel.com\/wp-content\/uploads\/2017\/03\/cropped-logo-2.jpg\",\"contentUrl\":\"https:\/\/copyrevel.com\/wp-content\/uploads\/2017\/03\/cropped-logo-2.jpg\",\"width\":652,\"height\":124,\"caption\":\"COPY REVEL\"},\"image\":{\"@id\":\"https:\/\/copyrevel.com\/#\/schema\/logo\/image\/\"},\"sameAs\":[\"https:\/\/www.facebook.com\/copyrevel\/\"]}]}<\/script>\n<!-- \/ Yoast SEO plugin. -->","yoast_head_json":{"title":"Consommables Informatique - COPY REVEL","robots":{"index":"index","follow":"follow","max-snippet":"max-snippet:-1","max-image-preview":"max-image-preview:large","max-video-preview":"max-video-preview:-1"},"canonical":"https:\/\/copyrevel.com\/index.php\/consommables-informatique\/","og_locale":"fr_FR","og_type":"article","og_title":"Consommables Informatique - COPY REVEL","og_description":"Disponibles au magasin et sur commande (livraison rapide), toutes les cartouches et tous les toners pour vos imprimantes. Pensez \u00e0 v\u00e9rifier le mod\u00e8le de votre imprimante ou le num\u00e9ro sur vos consommables. &nbsp;","og_url":"https:\/\/copyrevel.com\/index.php\/consommables-informatique\/","og_site_name":"COPY REVEL","article_publisher":"https:\/\/www.facebook.com\/copyrevel\/","article_modified_time":"2017-05-15T11:40:32+00:00","og_image":[{"url":"http:\/\/copyrevel.com\/wp-content\/uploads\/2017\/03\/conso-2.png","type":"","width":"","height":""}],"twitter_card":"summary_large_image","schema":{"@context":"https:\/\/schema.org","@graph":[{"@type":"WebPage","@id":"https:\/\/copyrevel.com\/index.php\/consommables-informatique\/","url":"https:\/\/copyrevel.com\/index.php\/consommables-informatique\/","name":"Consommables Informatique - COPY REVEL","isPartOf":{"@id":"https:\/\/copyrevel.com\/#website"},"primaryImageOfPage":{"@id":"https:\/\/copyrevel.com\/index.php\/consommables-informatique\/#primaryimage"},"image":{"@id":"https:\/\/copyrevel.com\/index.php\/consommables-informatique\/#primaryimage"},"thumbnailUrl":"http:\/\/copyrevel.com\/wp-content\/uploads\/2017\/03\/conso-2.png","datePublished":"2017-03-14T13:55:37+00:00","dateModified":"2017-05-15T11:40:32+00:00","breadcrumb":{"@id":"https:\/\/copyrevel.com\/index.php\/consommables-informatique\/#breadcrumb"},"inLanguage":"fr-FR","potentialAction":[{"@type":"ReadAction","target":["https:\/\/copyrevel.com\/index.php\/consommables-informatique\/"]}]},{"@type":"ImageObject","inLanguage":"fr-FR","@id":"https:\/\/copyrevel.com\/index.php\/consommables-informatique\/#primaryimage","url":"https:\/\/copyrevel.com\/wp-content\/uploads\/2017\/03\/conso-2.png","contentUrl":"https:\/\/copyrevel.com\/wp-content\/uploads\/2017\/03\/conso-2.png","width":650,"height":270},{"@type":"BreadcrumbList","@id":"https:\/\/copyrevel.com\/index.php\/consommables-informatique\/#breadcrumb","itemListElement":[{"@type":"ListItem","position":1,"name":"Accueil","item":"https:\/\/copyrevel.com\/"},{"@type":"ListItem","position":2,"name":"Consommables Informatique"}]},{"@type":"WebSite","@id":"https:\/\/copyrevel.com\/#website","url":"https:\/\/copyrevel.com\/","name":"COPY REVEL","description":"Pour Faire Bonne Impression","publisher":{"@id":"https:\/\/copyrevel.com\/#organization"},"potentialAction":[{"@type":"SearchAction","target":{"@type":"EntryPoint","urlTemplate":"https:\/\/copyrevel.com\/?s={search_term_string}"},"query-input":{"@type":"PropertyValueSpecification","valueRequired":true,"valueName":"search_term_string"}}],"inLanguage":"fr-FR"},{"@type":"Organization","@id":"https:\/\/copyrevel.com\/#organization","name":"COPY REVEL","url":"https:\/\/copyrevel.com\/","logo":{"@type":"ImageObject","inLanguage":"fr-FR","@id":"https:\/\/copyrevel.com\/#\/schema\/logo\/image\/","url":"https:\/\/copyrevel.com\/wp-content\/uploads\/2017\/03\/cropped-logo-2.jpg","contentUrl":"https:\/\/copyrevel.com\/wp-content\/uploads\/2017\/03\/cropped-logo-2.jpg","width":652,"height":124,"caption":"COPY REVEL"},"image":{"@id":"https:\/\/copyrevel.com\/#\/schema\/logo\/image\/"},"sameAs":["https:\/\/www.facebook.com\/copyrevel\/"]}]}},"_links":{"self":[{"href":"https:\/\/copyrevel.com\/index.php\/wp-json\/wp\/v2\/pages\/79","targetHints":{"allow":["GET"]}}],"collection":[{"href":"https:\/\/copyrevel.com\/index.php\/wp-json\/wp\/v2\/pages"}],"about":[{"href":"https:\/\/copyrevel.com\/index.php\/wp-json\/wp\/v2\/types\/page"}],"author":[{"embeddable":true,"href":"https:\/\/copyrevel.com\/index.php\/wp-json\/wp\/v2\/users\/1"}],"replies":[{"embeddable":true,"href":"https:\/\/copyrevel.com\/index.php\/wp-json\/wp\/v2\/comments?post=79"}],"version-history":[{"count":6,"href":"https:\/\/copyrevel.com\/index.php\/wp-json\/wp\/v2\/pages\/79\/revisions"}],"predecessor-version":[{"id":231,"href":"https:\/\/copyrevel.com\/index.php\/wp-json\/wp\/v2\/pages\/79\/revisions\/231"}],"wp:attachment":[{"href":"https:\/\/copyrevel.com\/index.php\/wp-json\/wp\/v2\/media?parent=79"}],"curies":[{"name":"wp","href":"https:\/\/api.w.org\/{rel}","templated":true}]}}